{"id":2265,"date":"2016-03-31T15:47:30","date_gmt":"2016-03-31T13:47:30","guid":{"rendered":"http:\/\/weingut-karl-haidle.de\/?page_id=2265\/"},"modified":"2021-02-12T15:28:26","modified_gmt":"2021-02-12T14:28:26","slug":"terms-and-conditions","status":"publish","type":"page","link":"https:\/\/weingut-karl-haidle.de\/en\/legal\/terms-and-conditions\/","title":{"rendered":"Terms and Conditions"},"content":{"rendered":"<p><div class=\"fusion-fullwidth fullwidth-box fusion-builder-row-1 hundred-percent-fullwidth non-hundred-percent-height-scrolling\" style=\"background-color: rgba(255,255,255,0);background-position: center center;background-repeat: no-repeat;padding-top:0px;padding-right:0px;padding-bottom:0px;padding-left:0px;margin-bottom: 0px;margin-top: 0px;border-width: 0px 0px 0px 0px;border-color:#eae9e9;border-style:solid;\" ><div class=\"fusion-builder-row fusion-row\"><div class=\"fusion-layout-column fusion_builder_column fusion-builder-column-0 fusion_builder_column_1_1 1_1 fusion-one-full fusion-column-first fusion-column-last fusion-column-no-min-height\" style=\"margin-top:0px;margin-bottom:0px;\"><div class=\"fusion-column-wrapper fusion-flex-column-wrapper-legacy\" style=\"background-position:left top;background-repeat:no-repeat;-webkit-background-size:cover;-moz-background-size:cover;-o-background-size:cover;background-size:cover;padding: 0px 0px 0px 0px;\"><div class=\"fusion-text fusion-text-1\"><p>Allgemeine Gesch\u00e4ftsbedingungen f\u00fcr die<br \/>\nWeingut Karl Haidle KG<br \/>\nHindenburgstra\u00dfe 21<br \/>\n71394 Kernen-Stetten<\/p>\n<h4>\u00a7 1 Allgemeines, Geltungsbereich der AGB<\/h4>\n<p style=\"padding-left: 30px;\">Alle Lieferungen und Leistungen der Weingut Karl Haidle KG, Hindenburgstra\u00dfe 21, 71394 Kernen im Remstal (nachfolgend \u201eWeingut Karl Haidle\u201c), erfolgen auf der Grundlage der nachfolgenden AGB in ihrer zum Zeitpunkt der Bestellung g\u00fcltigen Fassung. Im Bereich des kaufm\u00e4nnischen Gesch\u00e4ftsverkehrs erkennen wir abweichende Bedingungen nicht an, es sei denn, diesen wurde ausdr\u00fccklich schriftlich zugestimmt.<\/p>\n<h4>\u00a7 2 Vertragsschluss, Zustandekommen des Vertrags<\/h4>\n<p style=\"padding-left: 30px;\">Die Angebote des Weingut Karl Haidle auf der Website, in Prospekten und sonstigen Medien sind unverbindlich und freibleibend. Mit der Bestellung erkl\u00e4rt der K\u00e4ufer verbindlich, die bestellte Ware zu erwerben. Wir k\u00f6nnen dieses Angebot binnen eine Woche wahlweise durch eine Auftragsbest\u00e4tigung (E-Mail, Fax, Brief) oder Waren\u00fcbersendung annehmen. Mit der Annahme ist der Vertrag zustande gekommen.<\/p>\n<\/div><div class=\"fusion-clearfix\"><\/div><\/div><\/div><\/div><style type=\"text\/css\">.fusion-fullwidth.fusion-builder-row-1 { overflow:visible; }<\/style><\/div><div class=\"fusion-fullwidth fullwidth-box fusion-builder-row-2 nonhundred-percent-fullwidth non-hundred-percent-height-scrolling\" style=\"background-color: #efefef;background-position: left top;background-repeat: no-repeat;padding-top:20px;padding-right:20px;padding-bottom:20px;padding-left:20px;margin-bottom: 0px;margin-top: 0px;border-width: 0px 0px 0px 0px;border-color:#eae9e9;border-style:solid;\" ><div class=\"fusion-builder-row fusion-row\"><div class=\"fusion-layout-column fusion_builder_column fusion-builder-column-1 fusion_builder_column_1_1 1_1 fusion-one-full fusion-column-first fusion-column-last fusion-column-no-min-height\" style=\"margin-top:0px;margin-bottom:0px;\"><div class=\"fusion-column-wrapper fusion-flex-column-wrapper-legacy\" style=\"background-position:left top;background-repeat:no-repeat;-webkit-background-size:cover;-moz-background-size:cover;-o-background-size:cover;background-size:cover;padding: 0px 0px 0px 0px;\"><div class=\"fusion-text fusion-text-2\"><h4>\u00a7 3 Widerrufsbelehrung<\/h4>\n<p style=\"padding-left: 30px;\">Das folgende Widerrufsrecht besteht nur f\u00fcr Verbraucher:<br \/>\n<strong>Widerrufsbelehrung<\/strong><br \/>\n<strong> Widerrufsrecht<\/strong><br \/>\nSie haben das Recht, binnen vierzehn Tagen ohne Angabe von Gr\u00fcnden diesen Vertrag zu widerrufen. Die Widerrufsfrist betr\u00e4gt vierzehn Tage ab dem Tag, an dem Sie oder ein von Ihnen benannter Dritter, der nicht der Bef\u00f6rderer ist, die Waren in Besitz genommen haben bzw. hat.<br \/>\nUm Ihr Widerrufsrecht auszu\u00fcben, m\u00fcssen Sie uns (Weingut Karl Haidle KG, Hindenburgstra\u00dfe 21, 71394 Kernen im Remstal Telefon: +49 7151 949110, Fax: +49 7151 46313, E-Mail: info@weingut-karl-haidle.de) mittels einer eindeutigen Erkl\u00e4rung (z. B. ein mit der Post versandter Brief, Telefax oder E-Mail) \u00fcber Ihren Entschluss, diesen Vertrag zu widerrufen, informieren.<br \/>\nZur Wahrung der Widerrufsfrist reicht es aus, dass Sie die Mitteilung \u00fcber die Aus\u00fcbung des Widerrufsrechts vor Ablauf der Widerrufsfrist absenden.<\/p>\n<p style=\"padding-left: 30px;\"><strong>Folgen des Widerrufs<\/strong><br \/>\nWenn Sie diesen Vertrag widerrufen, haben wir Ihnen alle Zahlungen, die wir von Ihnen erhalten haben, einschlie\u00dflich der Lieferkosten (mit Ausnahme der zus\u00e4tzlichen Kosten, die sich daraus ergeben, dass Sie eine andere Art der Lieferung als die von uns angebotene, g\u00fcnstigste Standardlieferung gew\u00e4hlt haben), unverz\u00fcglich und sp\u00e4testens binnen vierzehn Tagen ab dem Tag zur\u00fcckzuzahlen, an dem die Mitteilung \u00fcber Ihren Widerruf dieses Vertrags bei uns eingegangen ist. F\u00fcr diese R\u00fcckzahlung verwenden wir dasselbe Zahlungsmittel, das Sie bei der urspr\u00fcnglichen Transaktion eingesetzt haben, es sei denn, mit Ihnen wurde ausdr\u00fccklich etwas anderes vereinbart; in keinem Fall werden Ihnen wegen dieser R\u00fcckzahlung Entgelte berechnet.<br \/>\nWir k\u00f6nnen die R\u00fcckzahlung verweigern, bis wir die Waren wieder zur\u00fcckerhalten haben oder bis Sie den Nachweis erbracht haben, dass Sie die Waren zur\u00fcckgesandt haben, je nachdem, welches der fr\u00fchere Zeitpunkt ist.<br \/>\nSie haben die Waren unverz\u00fcglich und in jedem Fall sp\u00e4testens binnen vierzehn Tagen ab dem Tag, an dem Sie uns \u00fcber den Widerruf dieses Vertrags unterrichten, an uns zur\u00fcckzusenden oder zu \u00fcbergeben. Die Frist ist gewahrt, wenn Sie die Waren vor Ablauf der Frist von vierzehn Tagen absenden. Sie tragen die unmittelbaren Kosten der R\u00fccksendung der Waren.<br \/>\nSie m\u00fcssen f\u00fcr einen etwaigen Wertverlust der Waren nur aufkommen, wenn dieser Wertverlust auf einen zur Pr\u00fcfung der Beschaffenheit, Eigenschaften und Funktionsweise der Waren nicht notwendigen Umgang mit ihnen zur\u00fcckzuf\u00fchren ist.<\/p>\n<\/div><div class=\"fusion-clearfix\"><\/div><\/div><\/div><\/div><\/div><div class=\"fusion-fullwidth fullwidth-box fusion-builder-row-3 hundred-percent-fullwidth non-hundred-percent-height-scrolling\" style=\"background-color: rgba(255,255,255,0);background-position: center center;background-repeat: no-repeat;padding-top:0px;padding-right:0px;padding-bottom:0px;padding-left:0px;margin-bottom: 0px;margin-top: 0px;border-width: 0px 0px 0px 0px;border-color:#eae9e9;border-style:solid;\" ><div class=\"fusion-builder-row fusion-row\"><div class=\"fusion-layout-column fusion_builder_column fusion-builder-column-2 fusion_builder_column_1_1 1_1 fusion-one-full fusion-column-first fusion-column-last fusion-column-no-min-height\" style=\"margin-top:0px;margin-bottom:0px;\"><div class=\"fusion-column-wrapper fusion-flex-column-wrapper-legacy\" style=\"background-position:left top;background-repeat:no-repeat;-webkit-background-size:cover;-moz-background-size:cover;-o-background-size:cover;background-size:cover;padding: 0px 0px 0px 0px;\"><div class=\"fusion-text fusion-text-3\"><h4>\u00a7 4 Kostentragung bei Widerruf<\/h4>\n<p style=\"padding-left: 30px;\">Machen Sie von Ihrem Widerrufsrecht gem\u00e4\u00df \u00a7 3 Gebrauch, haben Sie die regelm\u00e4\u00dfigen Kosten der R\u00fccksendung zu tragen, wenn die gelieferte Ware der bestellten entspricht.<\/p>\n<h4>\u00a7 5 Preise und Versand<\/h4>\n<p style=\"padding-left: 30px;\">5.1 Unsere Preise verstehen sich ab Weingut je Flasche einschlie\u00dflich Glas und Ausstattung in Einwegkartons f\u00fcr die jeweils angegebene Flaschengr\u00f6\u00dfe, einschlie\u00dflich der gesetzlichen Umsatzsteuer, jedoch ohne Versandkosten. Bei Lieferungen ins Ausland berechnen wir die entstehenden Zusatzkosten. Die H\u00f6he dieser Kosten sind jeweils abh\u00e4ngig von den Preisen der zu beauftragenden Spedition und richten sich nach dem Bestimmungsort, dem Gewicht und der Menge der Ware, die Kosten k\u00f6nnen vor Bestellung erfragt werden.<br \/>\n5.2 Der Versand erfolgt per DHL, Spedition oder einem anderen Anbieter unserer Wahl. Die Versandkosten k\u00f6nnen der jeweils aktuellen Preisliste entnommen oder vor Bestellung erfragt werden.<br \/>\n5.3 Die Rechnung ist binnen 10 Tagen ohne Abzug zu bezahlen. Skonto gew\u00e4hren wir nicht.<br \/>\n5.4 F\u00fcr den Fall, dass im Verkehr mit Unternehmern die Waren an den K\u00e4ufer zu versenden sind, haben wir mit der \u00dcbergabe der Waren an den Spediteur, den Frachtf\u00fchrer oder die sonst zur Ausf\u00fchrung der Versendung bestimmte Person oder Anstalt unsere Leistungspflicht erbracht und es geht die Gefahr des zuf\u00e4lligen Untergangs und der zuf\u00e4lligen Verschlechterung auf den K\u00e4ufer \u00fcber.<\/p>\n<h4>\u00a7 6 Lieferbedingungen<\/h4>\n<p style=\"padding-left: 30px;\">6.1 Wir unterliegen den Vorschriften des Jugendschutzgesetzes, nach dem Alkohol nicht an Jugendliche verkauft werden darf. Deshalb erfolgt die Abgabe von Wein ausschlie\u00dflich an Personen \u00fcber 16 Jahren, die Abgabe von Spirituosen nur an Personen \u00fcber 18 Jahren.<br \/>\nDer Kunde versichert bei Abgabe der Bestellung, dass er das Mindestalter zum Erwerb der bestellten Artikel besitzt. Die Angaben werden im Zweifelsfall von uns bei Ablieferung der Ware durch die \u00dcberpr\u00fcfung des Personalausweises in Verbindung mit einer Gesichtskontrolle \u00fcberpr\u00fcft. Eine Entgegennahme der Lieferung ist deshalb nur durch den Besteller selbst m\u00f6glich.<\/p>\n<h4>\u00a7 7 Zahlungsbedingungen<\/h4>\n<p style=\"padding-left: 30px;\">7.1 Die Zahlung erfolgt per \u00dcberweisung auf die in der Rechnung angegebene Kontoverbindung.<br \/>\n7.2 Bei Verbrauchern behalten wir uns das Eigentum an der Kaufsache bis zur vollst\u00e4ndigen Zahlung des Rechnungsbetrags vor. Sind Sie Unternehmer in Aus\u00fcbung Ihrer gewerblichen oder selbstst\u00e4ndigen beruflichen T\u00e4tigkeit, eine juristische Person des \u00f6ffentlichen Rechts oder \u00f6ffentlich-rechtliches Sonderverm\u00f6gen, behalten wir uns das Eigentum an der Kaufsache bis zum Ausgleich aller noch offenen Forderungen aus der Gesch\u00e4ftsverbindung mit dem K\u00e4ufer vor. Die entsprechenden Sicherungsrechte sind auf Dritte \u00fcbertragbar.<br \/>\n7.4 Wenn Sie Verbraucher sind, ist der Kaufpreis mit Eintritt des Zahlungsverzugs w\u00e4hrend des Verzuges in H\u00f6he von 5\u2009% \u00fcber dem Basiszinssatz zu verzinsen. Wenn Sie nicht Verbraucher sind, betr\u00e4gt der Zinssatz w\u00e4hrend des Zahlungsverzuges 8\u2009% \u00fcber dem Basiszinssatz. Wir behalten uns vor, einen h\u00f6heren Verzugsschaden nachzuweisen und geltend zu machen.<\/p>\n<h4>\u00a7 8 Gew\u00e4hrleistung<\/h4>\n<p style=\"padding-left: 30px;\">8.1 Wenn Sie Verbraucher sind und die Bestellung im Weingut Karl Haidle zu einem Zweck vornehmen, der weder ihrer gewerblichen noch ihrer beruflichen T\u00e4tigkeit zugerechnet werden kann, erfolgt die Gew\u00e4hrleistung nach den gesetzlichen Bestimmungen.<br \/>\n8.2 Wenn Sie ihre Bestellung im Weingut Karl Haidle als Unternehmer vornehmen, gilt folgendes:<br \/>\n8.2.1 Gelieferte Waren sind vom Kunden, soweit dies nach ordnungsm\u00e4\u00dfigem Gesch\u00e4ftsgange tunlich ist, unverz\u00fcglich nach Ablieferung zu untersuchen. Wenn sich ein Mangel zeigt, ist uns unverz\u00fcglich Anzeige zu machen. Unterl\u00e4sst der Kunde die Anzeige, so gilt die Ware als genehmigt, es sei denn, dass es sich um einen Mangel handelt, der bei der Untersuchung nicht erkennbar war. Zeigt sich sp\u00e4ter ein solcher Mangel, so muss die Anzeige unverz\u00fcglich nach der Entdeckung gemacht werden, anderenfalls gilt die Ware auch in Ansehung dieses Mangels als genehmigt. \u00a7 377 HGB bleibt unber\u00fchrt. Seiner Untersuchungs-pflicht ist der Kunde auch im Falle des R\u00fcckgriffes des Unternehmers nach \u00a7 478 BGB nicht enthoben. Zeigt er in solchen F\u00e4llen den von seinem Abnehmer geltend gemachten Mangel nicht sofort an, so gilt die Ware auch in Ansehung dieses Mangels als genehmigt.<br \/>\n8.2.2 Soweit ein Mangel vorliegt, sind wir unter Ber\u00fccksichtigung der Art des Mangels und der berechtigten Interessen des Kunden berechtigt, die Art der Nacherf\u00fcllung zu bestimmen. Eine Nacherf\u00fcllung gilt bei diesen Vertr\u00e4gen nach dem erfolglosen dritten Versuch als fehlgeschlagen. Diese Ziffer gilt nicht im Fall des R\u00fcckgriffes nach \u00a7 478 BGB.<br \/>\n8.2.3 Im Fall der Nacherf\u00fcllung bei M\u00e4ngeln sind wir nur insoweit verpflichtet, die hierf\u00fcr erforderlichen Aufwendungen, insbesondere Transport-, Wege,- Arbeits- und Materialkosten zu tragen, als sich diese nicht dadurch erh\u00f6hen, dass die<br \/>\nSache an einen anderen Ort als den Sitz oder die gewerbliche Niederlassung des Kunden, an die geliefert wurde, verbracht wurde. Diese Ziffer gilt nicht im Fall des R\u00fcckgriffes nach \u00a7 478 BGB.<br \/>\n8.2.4 Die M\u00e4ngelanspr\u00fcche des Kunden einschlie\u00dflich der Schadensersatzanspr\u00fcche verj\u00e4hren in einem Jahr. Dies gilt nicht im Fall des R\u00fcckgriffs nach \u00a7 478 BGB, dies gilt ferner nicht in den F\u00e4llen der \u00a7\u00a7 438 Abs. 1 Nr. 2 BGB sowie des \u00a7 634a Abs. 1 Nr. 2 BGB. Dies gilt auch nicht f\u00fcr Schadensersatzanspr\u00fcche wegen Verletzung des Lebens, des K\u00f6rpers oder der Gesundheit oder aufgrund einer grob fahrl\u00e4ssigen oder vors\u00e4tzlichen Pflichtverletzung durch uns oder unsere Erf\u00fcllungsgehilfen.<br \/>\n8.3 Sollten sich in den Flaschen kleine kristalline Ausscheidungen (Weinstein) zeigen, geben diese Zeugnis von der Reife (G\u00fcte) des Weines und stellen keinen Mangel dar.<\/p>\n<h4>\u00a7 9 Rechtsordnung, Gerichtsstand, Sonstiges<\/h4>\n<p style=\"padding-left: 30px;\">9.1 Es gilt deutsches Recht unter Ausschluss des UN-Kaufrechts.<br \/>\n9.2 Bei Kunden, die den Vertrag zu einem Zweck schlie\u00dfen, der nicht der beruflichen oder gewerblichen T\u00e4tigkeit zugerechnet werden kann (Verbraucher) gilt diese Rechtswahl nur insoweit, als dadurch nicht der durch zwingende Bestimmungen des Rechts des Staates, in dem er seinen gew\u00f6hnlichen Aufenthalt hat, entzogen wird.<br \/>\n9.3 F\u00fcr alle Streitigkeiten aus dem Vertragsverh\u00e4ltnis, wenn der Besteller Kaufmann, eine juristische Person des \u00f6ffentlichen Rechts oder ein \u00f6ffentlich-rechtliches Sonderverm\u00f6gen ist, richtet sich der Gerichtsstand nach dem Sitz des Weingutes in D-71394 Kernen im Remstal.<br \/>\n9.4 Die Vertragssprache ist Deutsch.<br \/>\n9.5 Sind eine oder mehrere Regelungen dieser AGB unwirksam, so bleibt der Vertrag im \u00dcbrigen wirksam. Soweit die Bestimmungen unwirksam sind, richtet sich der Inhalt des Vertrages nach den gesetzlichen Vorschriften.<\/p>\n<\/div><div class=\"fusion-clearfix\"><\/div><\/div><\/div><\/div><style type=\"text\/css\">.fusion-fullwidth.fusion-builder-row-3 { overflow:visible; }<\/style><\/div><\/p>\n","protected":false},"excerpt":{"rendered":"","protected":false},"author":1,"featured_media":0,"parent":2186,"menu_order":0,"comment_status":"closed","ping_status":"closed","template":"","meta":[],"yoast_head":"<!-- This site is optimized with the Yoast SEO plugin v15.3 - https:\/\/yoast.com\/wordpress\/plugins\/seo\/ -->\n<title>Terms and Conditions - Weingut Karl Haidle<\/title>\n<meta name=\"robots\" content=\"index, follow, max-snippet:-1, max-image-preview:large, max-video-preview:-1\" \/>\n<link rel=\"canonical\" href=\"https:\/\/weingut-karl-haidle.de\/en\/legal\/terms-and-conditions\/\" \/>\n<meta property=\"og:locale\" content=\"en_US\" \/>\n<meta property=\"og:type\" content=\"article\" \/>\n<meta property=\"og:title\" content=\"Terms and Conditions - Weingut Karl Haidle\" \/>\n<meta property=\"og:url\" content=\"https:\/\/weingut-karl-haidle.de\/en\/legal\/terms-and-conditions\/\" \/>\n<meta property=\"og:site_name\" content=\"Weingut Karl Haidle\" \/>\n<meta property=\"article:modified_time\" content=\"2021-02-12T14:28:26+00:00\" \/>\n<meta name=\"twitter:card\" content=\"summary\" \/>\n<meta name=\"twitter:label1\" content=\"Written by\">\n\t<meta name=\"twitter:data1\" content=\"Jessica Ludwig\">\n\t<meta name=\"twitter:label2\" content=\"Est. reading time\">\n\t<meta name=\"twitter:data2\" content=\"7 minutes\">\n<script type=\"application\/ld+json\" class=\"yoast-schema-graph\">{\"@context\":\"https:\/\/schema.org\",\"@graph\":[{\"@type\":\"WebSite\",\"@id\":\"https:\/\/weingut-karl-haidle.de\/#website\",\"url\":\"https:\/\/weingut-karl-haidle.de\/\",\"name\":\"Weingut Karl Haidle\",\"description\":\"Riesling und Lemberger aus dem Remstal\",\"potentialAction\":[{\"@type\":\"SearchAction\",\"target\":\"https:\/\/weingut-karl-haidle.de\/?s={search_term_string}\",\"query-input\":\"required name=search_term_string\"}],\"inLanguage\":\"en-US\"},{\"@type\":\"WebPage\",\"@id\":\"https:\/\/weingut-karl-haidle.de\/en\/legal\/terms-and-conditions\/#webpage\",\"url\":\"https:\/\/weingut-karl-haidle.de\/en\/legal\/terms-and-conditions\/\",\"name\":\"Terms and Conditions - Weingut Karl Haidle\",\"isPartOf\":{\"@id\":\"https:\/\/weingut-karl-haidle.de\/#website\"},\"datePublished\":\"2016-03-31T13:47:30+00:00\",\"dateModified\":\"2021-02-12T14:28:26+00:00\",\"inLanguage\":\"en-US\",\"potentialAction\":[{\"@type\":\"ReadAction\",\"target\":[\"https:\/\/weingut-karl-haidle.de\/en\/legal\/terms-and-conditions\/\"]}]}]}<\/script>\n<!-- \/ Yoast SEO plugin. -->","_links":{"self":[{"href":"https:\/\/weingut-karl-haidle.de\/en\/wp-json\/wp\/v2\/pages\/2265\/"}],"collection":[{"href":"https:\/\/weingut-karl-haidle.de\/en\/wp-json\/wp\/v2\/pages\/"}],"about":[{"href":"https:\/\/weingut-karl-haidle.de\/en\/wp-json\/wp\/v2\/types\/page\/"}],"author":[{"embeddable":true,"href":"https:\/\/weingut-karl-haidle.de\/en\/wp-json\/wp\/v2\/users\/1\/"}],"replies":[{"embeddable":true,"href":"https:\/\/weingut-karl-haidle.de\/en\/wp-json\/wp\/v2\/comments\/?post=2265"}],"version-history":[{"count":3,"href":"https:\/\/weingut-karl-haidle.de\/en\/wp-json\/wp\/v2\/pages\/2265\/revisions\/"}],"predecessor-version":[{"id":7174,"href":"https:\/\/weingut-karl-haidle.de\/en\/wp-json\/wp\/v2\/pages\/2265\/revisions\/7174\/"}],"up":[{"embeddable":true,"href":"https:\/\/weingut-karl-haidle.de\/en\/wp-json\/wp\/v2\/pages\/2186\/"}],"wp:attachment":[{"href":"https:\/\/weingut-karl-haidle.de\/en\/wp-json\/wp\/v2\/media\/?parent=2265"}],"curies":[{"name":"wp","href":"https:\/\/api.w.org\/{rel}","templated":true}]}}